{"id":6991,"date":"2019-04-07T20:13:35","date_gmt":"2019-04-07T17:13:35","guid":{"rendered":"http:\/\/kurelsan.com.tr\/contact\/"},"modified":"2021-11-29T20:17:03","modified_gmt":"2021-11-29T17:17:03","slug":"contacts","status":"publish","type":"page","link":"http:\/\/kurelsan.com.tr\/fr\/contacts\/","title":{"rendered":"Contacts"},"content":{"rendered":"<p>[vc_row][vc_column][vc_column_text]<\/p>\n<h2 style=\"color: #255498;\">Contactez-nous!<\/h2>\n<p><i class=\"fa fa-home\"><\/i> Gaziler Mah. 254. Sok. No: 4 \/ F K\u00fc\u00e7\u00fck Esnaflar Sanayi Sitesi, Kepez &#8211; Antalya &#8211; Turquie, 07020<br \/>\n<i class=\"fab fa-whatsapp\"><\/i> <a href=\"https:\/\/api.whatsapp.com\/send?phone=905337420654\">+90 (533) 742 06 54 (WhatsApp)<\/a><br \/>\n<i class=\"fa fa-phone\"><\/i> +90 (242) 345 03 37<br \/>\n<i class=\"fa icon-print-1\"><\/i> +90 (242) 345 03 35<br \/>\n<i class=\"fa fa-envelope-o\"><\/i> <a href=\"mailto:info@kurelsan.com.tr\" target=\"_blank\" rel=\"noopener\"> info@kurelsan.com.tr<\/a><br \/>\n<i class=\"fa fa-globe\"><\/i> <a title=\"Pelet, Palet, Stre\u00e7leme Makine \u00dcretimi\" href=\"https:\/\/kurelsan.com.tr\">https:\/\/kurelsan.com.tr<\/a>[\/vc_column_text][vc_gmaps link=\u00a0\u00bb#E-8_JTNDaWZyYW1lJTIwc3JjJTNEJTIyaHR0cHMlM0ElMkYlMkZ3d3cuZ29vZ2xlLmNvbSUyRm1hcHMlMkZlbWJlZCUzRnBiJTNEJTIxMW0xOCUyMTFtMTIlMjExbTMlMjExZDQyODgwLjEyNjk2MTAzMTI0JTIxMmQzMC43NTM0MDkyMDY4Nzc4JTIxM2QzNi45ODM5MTYwNDgyODEzMSUyMTJtMyUyMTFmMCUyMTJmMCUyMTNmMCUyMTNtMiUyMTFpMTAyNCUyMTJpNzY4JTIxNGYxMy4xJTIxM20zJTIxMW0yJTIxMXMweDE0YzM4NzVjZGQwOTU0ZTklMjUzQTB4M2Q0MDY4ODRjZTRmNDM1MCUyMTJzSyUyNUMzJTI1QkNyZWxzYW4lMkJNYWtpbmElMjE1ZTAlMjEzbTIlMjExc3RyJTIxMnN0ciUyMTR2MTU1NDg5MDYyMzc5MCUyMTVtMiUyMTFzdHIlMjEyc3RyJTIyJTIwd2lkdGglM0QlMjI2MDAlMjIlMjBoZWlnaHQlM0QlMjI0NTAlMjIlMjBmcmFtZWJvcmRlciUzRCUyMjAlMjIlMjBzdHlsZSUzRCUyMmJvcmRlciUzQTAlMjIlMjBhbGxvd2Z1bGxzY3JlZW4lM0UlM0MlMkZpZnJhbWUlM0U=\u00a0\u00bb size=\u00a0\u00bb250&Prime; css=\u00a0\u00bb.vc_custom_1634723542016{margin-top: 20px !important;}\u00a0\u00bb]<div role=\"form\" class=\"wpcf7\" id=\"wpcf7-f6441-o1\" lang=\"en-US\" dir=\"ltr\">\n<div class=\"screen-reader-response\"><p role=\"status\" aria-live=\"polite\" aria-atomic=\"true\"><\/p> <ul><\/ul><\/div>\n<form action=\"\/fr\/wp-json\/wp\/v2\/pages\/6991#wpcf7-f6441-o1\" method=\"post\" class=\"wpcf7-form init\" novalidate=\"novalidate\" data-status=\"init\">\n<div style=\"display: none;\">\n<input type=\"hidden\" name=\"_wpcf7\" value=\"6441\" \/>\n<input type=\"hidden\" name=\"_wpcf7_version\" value=\"5.5.2\" \/>\n<input type=\"hidden\" name=\"_wpcf7_locale\" value=\"en_US\" \/>\n<input type=\"hidden\" name=\"_wpcf7_unit_tag\" value=\"wpcf7-f6441-o1\" \/>\n<input type=\"hidden\" name=\"_wpcf7_container_post\" value=\"0\" \/>\n<input type=\"hidden\" name=\"_wpcf7_posted_data_hash\" value=\"\" \/>\n<\/div>\n<p><span class=\"wpcf7-form-control-wrap your-name\"><input type=\"text\" name=\"your-name\" value=\"\" size=\"40\" class=\"wpcf7-form-control wpcf7-text wpcf7-validates-as-required\" aria-required=\"true\" aria-invalid=\"false\" placeholder=\"Nom (obligatoire)\" \/><\/span><br \/>\n<span class=\"wpcf7-form-control-wrap your-email\"><input type=\"email\" name=\"your-email\" value=\"\" size=\"40\" class=\"wpcf7-form-control wpcf7-text wpcf7-email wpcf7-validates-as-required wpcf7-validates-as-email\" aria-required=\"true\" aria-invalid=\"false\" placeholder=\"E-mail (obligatoire)\" \/><\/span><br \/>\n<span class=\"wpcf7-form-control-wrap telefon\"><input type=\"text\" name=\"telefon\" value=\"\" size=\"40\" class=\"wpcf7-form-control wpcf7-text\" aria-invalid=\"false\" placeholder=\"Pas de t\u00e9l\u00e9phone\" \/><\/span><br \/>\n<span class=\"wpcf7-form-control-wrap your-message\"><textarea name=\"your-message\" cols=\"40\" rows=\"10\" class=\"wpcf7-form-control wpcf7-textarea\" aria-invalid=\"false\" placeholder=\"Un message\"><\/textarea><\/span><br \/>\n<input type=\"submit\" value=\"Envoyer\" class=\"wpcf7-form-control has-spinner wpcf7-submit\" \/><\/p>\n<div class=\"wpcf7-response-output\" aria-hidden=\"true\"><\/div><\/form><\/div>[\/vc_column][\/vc_row]<\/p>\n","protected":false},"excerpt":{"rendered":"<p>[vc_row][vc_column][vc_column_text] Contactez-nous! Gaziler Mah. 254. Sok. No: 4 \/ F K\u00fc\u00e7\u00fck Esnaflar Sanayi Sitesi, Kepez &#8211; Antalya &#8211; Turquie, 07020 +90 (533) 742 06 54 (WhatsApp) +90 (242) 345 03 37 +90 (242) 345 03 35 info@kurelsan.com.tr https:\/\/kurelsan.com.tr[\/vc_column_text][vc_gmaps link=\u00a0\u00bb#E-8_JTNDaWZyYW1lJTIwc3JjJTNEJTIyaHR0cHMlM0ElMkYlMkZ3d3cuZ29vZ2xlLmNvbSUyRm1hcHMlMkZlbWJlZCUzRnBiJTNEJTIxMW0xOCUyMTFtMTIlMjExbTMlMjExZDQyODgwLjEyNjk2MTAzMTI0JTIxMmQzMC43NTM0MDkyMDY4Nzc4JTIxM2QzNi45ODM5MTYwNDgyODEzMSUyMTJtMyUyMTFmMCUyMTJmMCUyMTNmMCUyMTNtMiUyMTFpMTAyNCUyMTJpNzY4JTIxNGYxMy4xJTIxM20zJTIxMW0yJTIxMXMweDE0YzM4NzVjZGQwOTU0ZTklMjUzQTB4M2Q0MDY4ODRjZTRmNDM1MCUyMTJzSyUyNUMzJTI1QkNyZWxzYW4lMkJNYWtpbmElMjE1ZTAlMjEzbTIlMjExc3RyJTIxMnN0ciUyMTR2MTU1NDg5MDYyMzc5MCUyMTVtMiUyMTFzdHIlMjEyc3RyJTIyJTIwd2lkdGglM0QlMjI2MDAlMjIlMjBoZWlnaHQlM0QlMjI0NTAlMjIlMjBmcmFtZWJvcmRlciUzRCUyMjAlMjIlMjBzdHlsZSUzRCUyMmJvcmRlciUzQTAlMjIlMjBhbGxvd2Z1bGxzY3JlZW4lM0UlM0MlMkZpZnJhbWUlM0U=\u00a0\u00bb size=\u00a0\u00bb250&Prime; css=\u00a0\u00bb.vc_custom_1634723542016{margin-top: 20px !important;}\u00a0\u00bb][\/vc_column][\/vc_row]<\/p>\n","protected":false},"author":1,"featured_media":0,"parent":0,"menu_order":0,"comment_status":"closed","ping_status":"closed","template":"","meta":[],"_links":{"self":[{"href":"http:\/\/kurelsan.com.tr\/fr\/wp-json\/wp\/v2\/pages\/6991"}],"collection":[{"href":"http:\/\/kurelsan.com.tr\/fr\/wp-json\/wp\/v2\/pages"}],"about":[{"href":"http:\/\/kurelsan.com.tr\/fr\/wp-json\/wp\/v2\/types\/page"}],"author":[{"embeddable":true,"href":"http:\/\/kurelsan.com.tr\/fr\/wp-json\/wp\/v2\/users\/1"}],"replies":[{"embeddable":true,"href":"http:\/\/kurelsan.com.tr\/fr\/wp-json\/wp\/v2\/comments?post=6991"}],"version-history":[{"count":0,"href":"http:\/\/kurelsan.com.tr\/fr\/wp-json\/wp\/v2\/pages\/6991\/revisions"}],"wp:attachment":[{"href":"http:\/\/kurelsan.com.tr\/fr\/wp-json\/wp\/v2\/media?parent=6991"}],"curies":[{"name":"wp","href":"https:\/\/api.w.org\/{rel}","templated":true}]}}