{"id":7046,"date":"2019-04-02T20:15:51","date_gmt":"2019-04-02T17:15:51","guid":{"rendered":"http:\/\/kurelsan.com.tr\/product\/4kw-100-kw-pellet-machines\/"},"modified":"2021-12-02T20:34:53","modified_gmt":"2021-12-02T17:34:53","slug":"machines-a-pellet-4kw-et-100-kw","status":"publish","type":"product","link":"http:\/\/kurelsan.com.tr\/fr\/product\/machines-a-pellet-4kw-et-100-kw\/","title":{"rendered":"Machines \u00e0 Pellet 4kw et 100 kw"},"content":{"rendered":"<h2 class=\"accent1\">PM-3 Machine \u00e0 Pellets pour Granul\u00e9s de sciure de bois, engrais, alimentation<\/h2>\n<p>Du PM-3 (4 Kw Mini Series) au PM-100 (100 Kw Power Series), les machines \u00e0 pellets sont utilis\u00e9es comme machines fabriquer des pellets de copeaux, des granul\u00e9s d&rsquo;app\u00e2ts pour poissons, \u00e0 granul\u00e9s de fumier. Les machines \u00e0 pellets sont presque identiques en apparence, mais dans les d\u00e9tails techniques, les machines \u00e0 granul\u00e9s ont des diff\u00e9rences en fonction du produit \u00e0 granuler. Les caract\u00e9ristiques les plus \u00e9videntes sont la puissance du moteur, les arbres perfor\u00e9s et broyeurs. La puissance du moteur doit cro\u00eetre parall\u00e8lement \u00e0 la pression \u00e0 appliquer pour cr\u00e9er le granul\u00e9, l&rsquo;arbre perfor\u00e9 doit avoir des structures diff\u00e9rentes selon le produit \u00e0 granuler et les broyeurs doivent \u00eatre con\u00e7us en cons\u00e9quence.<\/p>\n<p style=\"text-decoration: underline;\">A quoi sert la Machine \u00e0 Pellet?<\/p>\n<p>Les machines \u00e0 Pellet sont utilis\u00e9es pour la granulation et la compression de mati\u00e8res premi\u00e8res en poudre. Au cours de ce processus de granulation, comme dans l&rsquo;exemple de la sciure de bois, une pression de 400 t\/cm2 est appliqu\u00e9e entre l&rsquo;arbre perfor\u00e9 et les boules de pression, selon le produit \u00e0 presser. Pendant cette mise en pression, une chaleur moyenne de 60-70 degr\u00e9s est g\u00e9n\u00e9r\u00e9e dans la machine \u00e0 pellets.<\/p>\n<p style=\"text-decoration: underline;\">A qui s&rsquo;adresse la machine \u00e0 pellets?<\/p>\n<p>Les usines de production de mati\u00e8res premi\u00e8res pour la fabrication de produits en bois et de meubles, les usines de production d&rsquo;aliments pour animaux et d&rsquo;engrais, les usines de pressage d\u2019olives, de production de papier et carton, etc. Selon le produit \u00e0 transformer et pellets, on commence par des machines \u00e0 usage domestique de 3KW (220V), et la gamme s&rsquo;\u00e9tend jusqu&rsquo;aux machines \u00e0 pellets de 100KW (380V).<\/p>\n<p style=\"text-decoration: underline;\">Propri\u00e9t\u00e9s M\u00e9caniques de la Machine \u00e0 Pellets<\/p>\n<p>&#8211; R\u00e9ducteur de Granul\u00e9s de s\u00e9rie sp\u00e9ciale<br \/>\n&#8211; Boules de presse \u00e0 granul\u00e9s trait\u00e9es thermiquement<br \/>\n&#8211; Arbre de pellets perfor\u00e9 et trait\u00e9 thermiquement<br \/>\n&#8211; Forme des perforations adapt\u00e9e au produit \u00e0 granuler<br \/>\n&#8211; R\u00e9glage de la longueur de coupe selon le produit \u00e0 granuler<br \/>\n&#8211; Presse \u00e0 granul\u00e9s de 2mm \u00e0 +mm<br \/>\n&#8211; Conception robuste et finition Sheet Coating<br \/>\n&#8211; Couleur optionnelle par peinture poudre au four<\/p>\n<p style=\"text-decoration: underline;\">Caract\u00e9ristiques de l&rsquo;Automatisation de la Machines \u00e0 Pellets<\/p>\n<p>&#8211; D\u00e9marrage &#8211; Arr\u00eat par bouton<br \/>\n&#8211; Arr\u00eat d&rsquo;urgence<br \/>\n&#8211; Avance et recul (en option)<br \/>\n&#8211; Protection automatique en cas de coincement (en option)<br \/>\n&#8211; Refroidisseur de granul\u00e9s, m\u00e9langeur de granul\u00e9s et syst\u00e8me de suivi de pes\u00e9e PLC (en option)<\/p>\n<p style=\"text-decoration: underline;\">Caract\u00e9ristiques optionnelles de la machine \u00e0 pellets<\/p>\n<p>&#8211; Syst\u00e8me de refroidissement des granul\u00e9s<br \/>\n&#8211; M\u00e9langeur de granul\u00e9s<br \/>\n&#8211; Syst\u00e8me de courroie et de convoyeur selon les caract\u00e9ristiques demand\u00e9es pour les usines de production de pellets<br \/>\n&#8211; Syst\u00e8me de dosage et de pes\u00e9e des granul\u00e9s<br \/>\n&#8211; Syst\u00e8me d&rsquo;ensachage et de mise en sac des granul\u00e9s<\/p>\n<p style=\"text-decoration: underline;\">Caract\u00e9ristiques de la machine \u00e0 pellets pour l\u2019alimentation<\/p>\n<p>&#8211; Les machines \u00e0 aliments en granul\u00e9s sont tr\u00e8s pratiques pour la production d&rsquo;aliments, qui est l&rsquo;une des d\u00e9penses les plus importantes pour les \u00e9leveurs de bovins et de petits animaux.<br \/>\n&#8211; Les machines \u00e0 granul\u00e9s sont une solution parfaite pour pr\u00e9server les min\u00e9raux et les vitamines n\u00e9cessaires dans l\u2019alimentation. \u00c9limine la capacit\u00e9 des animaux \u00e0 distinguer les aliments.<\/p>\n<h2 class=\"accent1\">PP-2550 Machine Electronique de Pesage et d&rsquo;Emballage de Pellets<\/h2>\n<p>Machine d&#8217;emballage de pellets de sciure de bois et d&rsquo;engrais Mdf. Avec la machine d&#8217;emballage de granul\u00e9s de poudre et de produits en pellets, qui est \u00e9galement utilis\u00e9e dans divers secteurs et domaines d&rsquo;activit\u00e9, le pesage et l&#8217;emballage des produits vos besoins, avec diff\u00e9rents types de sacs, et le processus d&#8217;emballage peuvent \u00eatre effectu\u00e9s plus rapidement et de mani\u00e8re pratique gr\u00e2ce au syst\u00e8me \u00e9lectronique PLC. Il permet de pr\u00e9parer des sacs de 25 ou 50 kg. Avec diff\u00e9rents mod\u00e8les et types, il peut \u00e9galement \u00eatre con\u00e7u sp\u00e9cifiquement en fonction du domaine d&rsquo;utilisation.<\/p>\n<p style=\"text-decoration: underline;\">Dans quel but est utilis\u00e9e une machine \u00e0 emballer les pellets?<\/p>\n<p>Le processus de pressage des pellets s&rsquo;effectue de mani\u00e8re contr\u00f4l\u00e9e, en suivant des commandes automatis\u00e9es, dans un certain ordre et selon un cycle. Au cours de la derni\u00e8re de ces \u00e9tapes, les pellets pr\u00e9par\u00e9s sont pes\u00e9s et emball\u00e9s dans un sac dont le poids a \u00e9t\u00e9 choisi, ce qui permet d&rsquo;augmenter la charge de travail et le volume de production.<\/p>\n<p style=\"text-decoration: underline;\">A qui s&rsquo;adresse la machine \u00e0 emballer les pellets?<\/p>\n<p>Les usines de production de mati\u00e8res premi\u00e8res pour la fabrication de produits en bois et de meubles, les usines de production d&rsquo;aliments pour animaux et d&rsquo;engrais, les usines de pressage d\u2019olives, de production de papier et carton, etc.<br \/>\nCes machines sont utilis\u00e9es dans les usines fabrication de granul\u00e9s pour emballer ces produits \u00e0 des fins de stockage et de commercialisation apr\u00e8s la fabrication des pellets. Elles sont g\u00e9n\u00e9ralement utilis\u00e9es par les entreprises \u00e0 forte capacit\u00e9 de production<\/p>\n<p style=\"text-decoration: underline;\">Propri\u00e9t\u00e9s m\u00e9caniques des machines \u00e0 emballer les pellets<\/p>\n<p>&#8211; Alimentation par tr\u00e9mie et convoyeur<br \/>\n&#8211; Col de remplissage standard<br \/>\n&#8211; Sac de 25-50 Kg et balance de pesage avec capteur de charge (peut \u00eatre augment\u00e9 en option)<br \/>\n&#8211; Syst\u00e8me de bande sp\u00e9cial selon le type de pellet<br \/>\n&#8211; Structure et tr\u00e9mie adapt\u00e9s au type de pellets<br \/>\n&#8211; T\u00f4le de 3 mm, ch\u00e2ssis ou tr\u00e9mie chrom\u00e9s en option<\/p>\n<p style=\"text-decoration: underline;\">Caract\u00e9ristiques de l&rsquo;Automatisation de la Machines \u00e0 Pellets<\/p>\n<p>&#8211; D\u00e9marrage &#8211; Arr\u00eat par bouton<br \/>\n&#8211; Arr\u00eat d&rsquo;urgence<br \/>\n&#8211; Avance et recul (en option)<br \/>\n&#8211; Protection automatique en cas de coincement (en option)<br \/>\n&#8211; Refroidisseur de granul\u00e9s, m\u00e9langeur de granul\u00e9s et syst\u00e8me de suivi de pes\u00e9e PLC (en option)<\/p>\n<p style=\"text-decoration: underline;\">Caract\u00e9ristiques optionnelles suppl\u00e9mentaires<\/p>\n<p>&#8211; Code-barres<br \/>\n&#8211; Syst\u00e8me de couture sp\u00e9cial pour l&rsquo;ouverture des sacs<br \/>\n&#8211; Syst\u00e8me de vide sp\u00e9cial<br \/>\n&#8211; Syst\u00e8me adh\u00e9sif sp\u00e9cial en nylon pour ouverture<br \/>\n&#8211; Convoyeur de chargement des camions<\/p>\n<h2 class=\"accent1\">Caract\u00e9ristiques de la machine \u00e0 pellets de Grignions d\u2019olive<\/h2>\n<p>&#8211; La production de pellets de grignions d\u2019olive (r\u00e9sidus de pressage) est beaucoup plus facile que la production de pellets de sciure de bois, et est moins co\u00fbteuse en termes d&rsquo;\u00e9quipement.<br \/>\n&#8211; La production de granul\u00e9s de sciure demande beaucoup plus d&rsquo;exp\u00e9rience, alors que la production de granul\u00e9s de grignions ne n\u00e9cessite qu&rsquo;une machine et une h\u00e9lice.<br \/>\n&#8211; Ainsi, il est possible de d\u00e9marrer une activit\u00e9 avec un capital plus faible.<br \/>\n&#8211; Il n&rsquo;y a pas de probl\u00e8me d&rsquo;approvisionnement en mati\u00e8res premi\u00e8res pour les granul\u00e9s dans notre pays.<\/p>\n<p>Par exemple, une machine \u00e0 pellets de 30 Kw peut produire 250-350 kg de granules de sciure de bois par heure, mais 400-700 kg de pellets de grignions peuvent \u00eatre produits dans le m\u00eame temps avec la m\u00eame machine.<\/p>\n<p>&#8211; La production de granul\u00e9s de tr\u00e8fle, se d\u00e9veloppe rapidement dans notre pays en pour la production d&rsquo;\u00e9nergie \u00e9cologique.<br \/>\n&#8211; L&rsquo;augmentation du co\u00fbt des aliments pour animaux oblige les \u00e9leveurs \u00e0 produire leur propre alimentation.<br \/>\n&#8211; Les machines \u00e0 granul\u00e9s de tr\u00e8fle offrent des solutions adapt\u00e9es aux besoins des \u00e9leveurs.<br \/>\n&#8211; Nous pouvons produire des machines \u00e0 granul\u00e9s de tr\u00e8fle de 2,2 Kw \u00e0 30 Kw selon les besoins et les capacit\u00e9s de l\u2019\u00e9leveur.<br \/>\n&#8211; Pour plus d&rsquo;informations sur la production de granul\u00e9s de tr\u00e8fle, vous pouvez nous appeler et demander la production d\u2019une machine \u00e0 granul\u00e9s sur mesure.<\/p>\n<div class=\"grid-container1\">\n<div><strong>KW<\/strong><\/div>\n<div><strong>Capacit\u00e9 en sciure de bois<\/strong><\/div>\n<div><strong>Capacit\u00e9 en aliments pour animaux<\/strong><\/div>\n<div><strong>Poids<\/strong><\/div>\n<div><strong>Taille (cm)<\/strong><\/div>\n<div>2,2kW<\/div>\n<div>20-40kg<\/div>\n<div>40-80kg<\/div>\n<div>70kg<\/div>\n<div>30x70x50<\/div>\n<div>7,5kW<\/div>\n<div>100-150kg<\/div>\n<div>150-300kg<\/div>\n<div>100kg<\/div>\n<div>400x90x50<\/div>\n<div>15kW<\/div>\n<div>150-200kg<\/div>\n<div>300-400kg<\/div>\n<div>240kg<\/div>\n<div>50x100x60<\/div>\n<div>22kW<\/div>\n<div>200-250 kg<\/div>\n<div>250-500 kg<\/div>\n<div>330kg<\/div>\n<div>50x120x65<\/div>\n<div>30kW<\/div>\n<div>250-350kg<\/div>\n<div>350-700kg<\/div>\n<div>420kg<\/div>\n<div>50x140x65<\/div>\n<\/div>\n","protected":false},"excerpt":{"rendered":"<div class=\"grid-container\">\n<div>Hauteur:<\/div>\n<div>1000 mm<\/div>\n<div>Longueur:<\/div>\n<div>1200 mm<\/div>\n<div>Largeur:<\/div>\n<div>600 mm<\/div>\n<div>Hauteur avec palette:<\/div>\n<div>1150 mm<\/div>\n<div>Longueur avec palette:<\/div>\n<div>1250 mm<\/div>\n<div>Largeur avec palette:<\/div>\n<div>650 mm<\/div>\n<div>Hauteur de la caisse:<\/div>\n<div>1200 mm<\/div>\n<div>Longueur de la caisse:<\/div>\n<div>1300 mm<\/div>\n<div>Largeur de la caisse:<\/div>\n<div>700 mm<\/div>\n<\/div>\n","protected":false},"featured_media":6690,"template":"","meta":[],"product_cat":[49],"product_tag":[],"_links":{"self":[{"href":"http:\/\/kurelsan.com.tr\/fr\/wp-json\/wp\/v2\/product\/7046"}],"collection":[{"href":"http:\/\/kurelsan.com.tr\/fr\/wp-json\/wp\/v2\/product"}],"about":[{"href":"http:\/\/kurelsan.com.tr\/fr\/wp-json\/wp\/v2\/types\/product"}],"wp:featuredmedia":[{"embeddable":true,"href":"http:\/\/kurelsan.com.tr\/fr\/wp-json\/wp\/v2\/media\/6690"}],"wp:attachment":[{"href":"http:\/\/kurelsan.com.tr\/fr\/wp-json\/wp\/v2\/media?parent=7046"}],"wp:term":[{"taxonomy":"product_cat","embeddable":true,"href":"http:\/\/kurelsan.com.tr\/fr\/wp-json\/wp\/v2\/product_cat?post=7046"},{"taxonomy":"product_tag","embeddable":true,"href":"http:\/\/kurelsan.com.tr\/fr\/wp-json\/wp\/v2\/product_tag?post=7046"}],"curies":[{"name":"wp","href":"https:\/\/api.w.org\/{rel}","templated":true}]}}