{"id":7048,"date":"2021-02-23T14:00:57","date_gmt":"2021-02-23T11:00:57","guid":{"rendered":"http:\/\/kurelsan.com.tr\/product\/jt-23-coin-operated-luggage-wrapping-machine-with-scale\/"},"modified":"2021-11-30T15:51:27","modified_gmt":"2021-11-30T12:51:27","slug":"jt-23-machine-demballage-des-bagages","status":"publish","type":"product","link":"http:\/\/kurelsan.com.tr\/fr\/product\/jt-23-machine-demballage-des-bagages\/","title":{"rendered":"JT-23 Machine d\u2019Emballage des Bagages par Film Etirable fonctionnant avec Pi\u00e8ces avec Balance"},"content":{"rendered":"<p>Avec la machine d\u2019emballage des bagages par film etirable fonctionnant avec pi\u00e8ces, vous pouvez emballer des bagages, des valises, des cartons, des petites palettes et des produits (film \u00e9tirable ou bande), v\u00e9rifier combien d\u2019emballages ont \u00e9t\u00e9 r\u00e9alis\u00e9s, et faire des r\u00e9initialisations quotidiennes, mensuelles ou annuelles. Elle permet au film \u00e9tirable de s&rsquo;\u00e9tirer \u00e0 200% sur le produit et de r\u00e9aliser un emballage parfait. Les balances additionnelles peuvent fournir des informations sur le poids des marchandises ou bagages avant emballage. (Vous pouvez fournir cette information gr\u00e2ce \u00e0 une balance fonctionnant \u00e0 pi\u00e8ces ou une balance standard). Les options Small, Medium ou Large, en fonction de la taille et du volume du produit \u00e0 emballer, vous permettent d&rsquo;\u00e9conomiser du film \u00e9tirable et du temps.<\/p>\n<p style=\"text-decoration: underline;\">Dans quel but la JT-23 est-elle utilis\u00e9e?<\/p>\n<p>H\u00f4tels: Les h\u00f4tels utilisent la machine afin de proposer un service d&#8217;emballage des bagages \u00e0 leurs clients. Elle est particuli\u00e8rement appr\u00e9ci\u00e9e par les clients r\u00e9sidant au Moyen-Orient, en Russie, en Ukraine et au Kazakhstan. Par rapport aux ann\u00e9es pr\u00e9c\u00e9dentes, on constate une augmentation significative de l&#8217;emballage des bagages parmi les clients europ\u00e9ens.<\/p>\n<p>Usine-Entreprise : Assure la protection des produits contre les \u00e9l\u00e9ments externes (pluie, huile, salet\u00e9, d\u00e9chirure) et maintient les produits ensemble.<\/p>\n<p style=\"text-decoration: underline;\">Propri\u00e9t\u00e9s M\u00e9caniques de la Machine d\u2019Emballage des Bagages par Film Etirable JT-23<\/p>\n<p>&#8211; Si d\u00e9sir\u00e9 : (MEKAGER) 200% d&rsquo;Etirement M\u00e9canique sur le produit<br \/>\n&#8211; Syst\u00e8me de Cha\u00eene, Plaque Frontale Sp\u00e9ciale<br \/>\n&#8211; Poign\u00e9es Porte-Bagages en acier inoxydable chrom\u00e9<br \/>\n&#8211; Transport facile gr\u00e2ce aux Roues \u00e0 Frein<br \/>\n&#8211; Principe de Fonctionnement Silencieux<br \/>\n&#8211; Finition de l\u2019armoire selon la couleur du hall<br \/>\n&#8211; Finition optionnelle par Sheet Metal Coating<br \/>\n&#8211; Couleur optionnelle par peinture poudre au four<\/p>\n<p style=\"text-decoration: underline;\">JT-23 Machine \u00e0 Emballer les Bagages par Film Etirable Caract\u00e9ristiques de l&rsquo;Automatisation PLC <\/p>\n<p>&#8211; Panneau de commande en turc &#8211; anglais ou russe en option<br \/>\n&#8211; Mot de passe Administrateur (Admin) avec protection par Login<br \/>\n&#8211; Option Taille du Bagages : Petit, Moyen ou Grand<br \/>\n&#8211; Modification du nombre de tours<br \/>\n&#8211; S\u00e9curit\u00e9 par compte \u00e0 rebours entre les transitions d&#8217;emballage<br \/>\n&#8211; M\u00e9morisation du nombre d\u2019emballages<br \/>\n&#8211; M\u00e9morisation du nombre d\u2019emballages en cas de coupure de courant<br \/>\n&#8211; R\u00e9initialisation du nombre d\u2019emballages avec le mot de passe administrateur<br \/>\n&#8211; Contr\u00f4le du m\u00e9canisme de verrouillage de l&rsquo;\u00e9tirement en option<\/p>\n<p style=\"text-decoration: underline;\">Caract\u00e9ristiques Optionnelles de la Machine d&rsquo;Emballage de Bagages par Film Etirable JT-23<\/p>\n<p>&#8211; (Motoger) Jusqu&rsquo;\u00e0 300% de tension d&rsquo;\u00e9tirement avec le syst\u00e8me d&rsquo;\u00e9tirement motoris\u00e9.<br \/>\n&#8211; Publicit\u00e9 par \u00e9cran LCD 19\u2033<br \/>\n&#8211; Possibilit\u00e9 de se connecter \u00e0 partir d&rsquo;un t\u00e9l\u00e9phone portable ou d&rsquo;internet \u00e0 la machine en utilisant le syst\u00e8me de connexion.<br \/>\n&#8211; Indication du poids des bagages avec une balance fonctionnant \u00e0 pi\u00e8ces ou fixe.<br \/>\n&#8211; Syst\u00e8me de pes\u00e9e de la table<br \/>\n&#8211; Transfert instantan\u00e9 d&rsquo;images via cam\u00e9ra Wi-Fi<br \/>\n&#8211; M\u00e9canisme de verrouillage du film \u00e9tirable<br \/>\n&#8211; Armoire de stockage du film \u00e9tirable et de l\u2019argent<br \/>\n&#8211; Plc personnalis\u00e9 avec modifications du logiciel<br \/>\n&#8211; Finition par Sheet Coating ou peinture poudre au four<br \/>\n&#8211; Rev\u00eatement bois et peinture poudre au four<\/p>\n","protected":false},"excerpt":{"rendered":"<div class=\"grid-container\">\n<div>Hauteur:<\/div>\n<div>1150 mm<\/div>\n<div>Longueur:<\/div>\n<div>1550 mm<\/div>\n<div>Largeur:<\/div>\n<div>600 mm<\/div>\n<div>Hauteur avec palette:<\/div>\n<div>1200 mm<\/div>\n<div>Longueur avec palette:<\/div>\n<div>1650 mm<\/div>\n<div>Largeur avec palette:<\/div>\n<div>650 mm<\/div>\n<div>Hauteur de la caisse :<\/div>\n<div>1250 mm<\/div>\n<div>Longueur de la caisse:<\/div>\n<div>1700 mm<\/div>\n<div>Largeur de la caisse:<\/div>\n<div>700 mm<\/div>\n<\/div>\n<p>&nbsp;<\/p>\n<p><strong>Options de couleurs et de d\u00e9coration<\/strong><\/p>\n[gallery mode=\"metro\" first_big=\"false\" columns=\"6\" link=\"file\" ids=\"70,67,1016,1015,72,69\"]\n","protected":false},"featured_media":6766,"template":"","meta":[],"product_cat":[48],"product_tag":[],"_links":{"self":[{"href":"http:\/\/kurelsan.com.tr\/fr\/wp-json\/wp\/v2\/product\/7048"}],"collection":[{"href":"http:\/\/kurelsan.com.tr\/fr\/wp-json\/wp\/v2\/product"}],"about":[{"href":"http:\/\/kurelsan.com.tr\/fr\/wp-json\/wp\/v2\/types\/product"}],"wp:featuredmedia":[{"embeddable":true,"href":"http:\/\/kurelsan.com.tr\/fr\/wp-json\/wp\/v2\/media\/6766"}],"wp:attachment":[{"href":"http:\/\/kurelsan.com.tr\/fr\/wp-json\/wp\/v2\/media?parent=7048"}],"wp:term":[{"taxonomy":"product_cat","embeddable":true,"href":"http:\/\/kurelsan.com.tr\/fr\/wp-json\/wp\/v2\/product_cat?post=7048"},{"taxonomy":"product_tag","embeddable":true,"href":"http:\/\/kurelsan.com.tr\/fr\/wp-json\/wp\/v2\/product_tag?post=7048"}],"curies":[{"name":"wp","href":"https:\/\/api.w.org\/{rel}","templated":true}]}}