{"id":7050,"date":"2021-01-31T21:07:00","date_gmt":"2021-01-31T18:07:00","guid":{"rendered":"http:\/\/kurelsan.com.tr\/product\/asn-01-stretch-wrapping-baggage-packing-machine-with-manual-lift\/"},"modified":"2021-11-29T22:06:24","modified_gmt":"2021-11-29T19:06:24","slug":"asn-01-machine-demballage-des-bagages","status":"publish","type":"product","link":"http:\/\/kurelsan.com.tr\/fr\/product\/asn-01-machine-demballage-des-bagages\/","title":{"rendered":"ASN-01 \/ Machine d\u2019Emballage des Bagages par Film Etirable avec Levage Manuel"},"content":{"rendered":"<p>La Machine Enti\u00e8rement Automatique d&rsquo;Emballage par Film Etirable pour bagages ASN-01, qui est g\u00e9n\u00e9ralement choisie par les a\u00e9roports, est utilis\u00e9e dans les a\u00e9rogares ayant un besoin \u00e9lev\u00e9 d&#8217;emballage des bagages. En plus des caract\u00e9ristiques des autres machines plus petites, elle poss\u00e8de des caract\u00e9ristiques telles qu&rsquo;une d\u00e9tection optique de la taille des bagages, et elle peut ainsi d\u00e9placer son m\u00e9canisme d\u2019emballage vers le haut et le bas selon la taille des bagages.<\/p>\n<p>Avec la machine \u00e0 emballer les bagages par \u00e9tirement de film, vous pouvez emballer des bagages, des valises, des cartons, des petites palettes et des produits (film \u00e9tirable ou bande), v\u00e9rifier combien d\u2019emballages ont \u00e9t\u00e9 r\u00e9alis\u00e9s, et faire des r\u00e9initialisations quotidiennes, mensuelles ou annuelles. Elle permet au film \u00e9tirable de s&rsquo;\u00e9tirer \u00e0 200% sur le produit et de r\u00e9aliser un emballage parfait. Les balances additionnelles peuvent fournir des informations sur le poids des marchandises ou bagages avant emballage. (Vous pouvez fournir cette information gr\u00e2ce \u00e0 une balance fonctionnant \u00e0 pi\u00e8ces ou une balance standard). Les options Small, Medium ou Large, en fonction de la taille et du volume du produit \u00e0 emballer, vous permettent d&rsquo;\u00e9conomiser du film \u00e9tirable et du temps.<\/p>\n<p style=\"text-decoration: underline;\">Dans quel but l&rsquo;ASN-01 est-elle utilis\u00e9e?<\/p>\n<p>Dans les a\u00e9roports : Utilis\u00e9e par le service d&#8217;emballage des bagages des clients voyageurs voyager. Elle est particuli\u00e8rement appr\u00e9ci\u00e9e par les clients r\u00e9sidant au Moyen-Orient, en Russie, en Ukraine et au Kazakhstan. Par rapport aux ann\u00e9es pr\u00e9c\u00e9dentes, on constate une augmentation significative de l&#8217;emballage des bagages parmi les clients europ\u00e9ens.<\/p>\n<p style=\"text-decoration: underline;\">Propri\u00e9t\u00e9s M\u00e9caniques de la Machine d&rsquo;Emballage de Bagages par Film Etirable ASN-01<\/p>\n<p>&#8211; Si d\u00e9sir\u00e9 : (MEKAGER) 200% d&rsquo;Etirement M\u00e9canique sur le produit<br \/>\n&#8211; Syst\u00e8me de Cha\u00eene, Plaque Frontale Sp\u00e9ciale<br \/>\n&#8211; Poign\u00e9es Porte-Bagages en acier inoxydable chrom\u00e9<br \/>\n&#8211; Transport facile gr\u00e2ce aux Roues \u00e0 Frein<br \/>\n&#8211; Principe de Fonctionnement Silencieux<br \/>\n&#8211; Capteur de D\u00e9tection de la Taille du Bagage<br \/>\n&#8211; Syst\u00e8me de Levage Automatique pour l&rsquo;Emballage des Bagages<br \/>\n&#8211; Finition Sp\u00e9ciale Chrom\u00e9e du Bord de la Table Avant<br \/>\n&#8211; Enroulement facile des grands bagages gr\u00e2ce aux bras s&rsquo;ouvrant vers l&rsquo;ext\u00e9rieur<br \/>\n&#8211; M\u00e9canisme de Levage de 1200 mm<br \/>\n&#8211; Conception compacte, robuste et \u00e9l\u00e9gante<br \/>\n&#8211; Choix de Couleur de Option<\/p>\n<p style=\"text-decoration: underline;\">Machine \u00e0 Emballer les Bagages par Film Etirable &#8211; Caract\u00e9ristiques de l&rsquo;Automatisation PLC<\/p>\n<p>&#8211; Panneau de commande en turc &#8211; anglais ou russe en option<br \/>\n&#8211; Mot de passe Administrateur (Admin) avec protection par Login<br \/>\n&#8211; Option Taille du Bagages : Petit, Moyen ou Grand<br \/>\n&#8211; Modification du nombre de tours<br \/>\n&#8211; S\u00e9curit\u00e9 par compte \u00e0 rebours entre les transitions d&#8217;emballage<br \/>\n&#8211; M\u00e9morisation du nombre d\u2019emballages<br \/>\n&#8211; M\u00e9morisation du nombre d\u2019emballages en cas de coupure de courant<br \/>\n&#8211; R\u00e9initialisation du nombre d\u2019emballages avec le mot de passe administrateur<br \/>\n&#8211; Contr\u00f4le du m\u00e9canisme de verrouillage de l&rsquo;\u00e9tirement en option<br \/>\n&#8211; Modification du nombre de tours<br \/>\n&#8211; Option d&#8217;emballage manuel et automatique<br \/>\n&#8211; Capteur de d\u00e9tection de la taille du bagage<br \/>\n&#8211; Nombre de tours en bas du bagage r\u00e9glable<br \/>\n&#8211; Nombre de tours en haut du bagage r\u00e9glable<br \/>\n&#8211; R\u00e9glage de l&rsquo;heure de mise en veille de l&rsquo;\u00e9tirement<br \/>\n&#8211; Arr\u00eat d&rsquo;urgence avec E-Stop<br \/>\n&#8211; Mis hors tension d&rsquo;urgence avec Pako<br \/>\n&#8211; Panneau de commande illustr\u00e9 et avec explications compr\u00e9hensibles<br \/>\n&#8211; Pieds de fixation au sol<\/p>\n<p style=\"text-decoration: underline;\">Caract\u00e9ristiques Optionnelles de la Machine d&rsquo;Emballage de Bagages par Film Etirable ASN-01<\/p>\n<p>&#8211; (Motoger) Jusqu&rsquo;\u00e0 300% de tension d&rsquo;\u00e9tirement avec le syst\u00e8me d&rsquo;\u00e9tirement motoris\u00e9.<br \/>\n&#8211; Publicit\u00e9 par \u00e9cran LCD 19\u2033<br \/>\n&#8211; Possibilit\u00e9 de se connecter \u00e0 partir d&rsquo;un t\u00e9l\u00e9phone portable ou d&rsquo;internet \u00e0 la machine en utilisant le syst\u00e8me de connexion.<br \/>\n&#8211; Indication du poids des bagages avec une balance fonctionnant \u00e0 pi\u00e8ces ou fixe.<br \/>\n&#8211; Syst\u00e8me de pes\u00e9e de la table<br \/>\n&#8211; Transfert instantan\u00e9 d&rsquo;images via cam\u00e9ra Wi-Fi<br \/>\n&#8211; M\u00e9canisme de verrouillage du film \u00e9tirable<br \/>\n&#8211; Armoire de stockage du film \u00e9tirable et de l\u2019argent<br \/>\n&#8211; Plc personnalis\u00e9 avec modifications du logiciel<br \/>\n&#8211; Finition par Sheet Coating ou peinture poudre au four<\/p>\n","protected":false},"excerpt":{"rendered":"<div class=\"grid-container\">\n<div>Hauteur:<\/div>\n<div>1800 mm<\/div>\n<div>Longueur:<\/div>\n<div>1600 mm<\/div>\n<div>Largeur:<\/div>\n<div>600 mm<\/div>\n<div>Hauteur avec palette:<\/div>\n<div>1100 mm<\/div>\n<div>Longueur avec palette:<\/div>\n<div>1650 mm<\/div>\n<div>Largeur avec palette:<\/div>\n<div>650 mm<\/div>\n<div>Hauteur de la caisse:<\/div>\n<div>1100 mm<\/div>\n<div>Longueur de la caisse:<\/div>\n<div>1700 mm<\/div>\n<div>Largeur de la caisse:<\/div>\n<div>700 mm<\/div>\n<\/div>\n<p>&nbsp;<\/p>\n<p><strong>Options de couleurs et de d\u00e9coration<\/strong><\/p>\n[gallery mode=\"metro\" first_big=\"false\" columns=\"6\" link=\"file\" ids=\"70,67,1016,1015,72,69\"]\n","protected":false},"featured_media":6498,"template":"","meta":[],"product_cat":[48],"product_tag":[],"_links":{"self":[{"href":"http:\/\/kurelsan.com.tr\/fr\/wp-json\/wp\/v2\/product\/7050"}],"collection":[{"href":"http:\/\/kurelsan.com.tr\/fr\/wp-json\/wp\/v2\/product"}],"about":[{"href":"http:\/\/kurelsan.com.tr\/fr\/wp-json\/wp\/v2\/types\/product"}],"wp:featuredmedia":[{"embeddable":true,"href":"http:\/\/kurelsan.com.tr\/fr\/wp-json\/wp\/v2\/media\/6498"}],"wp:attachment":[{"href":"http:\/\/kurelsan.com.tr\/fr\/wp-json\/wp\/v2\/media?parent=7050"}],"wp:term":[{"taxonomy":"product_cat","embeddable":true,"href":"http:\/\/kurelsan.com.tr\/fr\/wp-json\/wp\/v2\/product_cat?post=7050"},{"taxonomy":"product_tag","embeddable":true,"href":"http:\/\/kurelsan.com.tr\/fr\/wp-json\/wp\/v2\/product_tag?post=7050"}],"curies":[{"name":"wp","href":"https:\/\/api.w.org\/{rel}","templated":true}]}}