{"id":7051,"date":"2021-01-11T20:31:33","date_gmt":"2021-01-11T17:31:33","guid":{"rendered":"http:\/\/kurelsan.com.tr\/product\/st-11-standard-luggage-wrapping-machine\/"},"modified":"2021-12-01T20:56:26","modified_gmt":"2021-12-01T17:56:26","slug":"st-11-machine-demballage-des-bagages-standard","status":"publish","type":"product","link":"http:\/\/kurelsan.com.tr\/fr\/product\/st-11-machine-demballage-des-bagages-standard\/","title":{"rendered":"ST-11 Machine d\u2019Emballage des Bagages Standard"},"content":{"rendered":"<p style=\"text-decoration: underline;\">Qui l\u2019utilise?<\/p>\n<p>Les a\u00e9roports, les op\u00e9rateurs h\u00f4teliers et les entreprises qui r\u00e9alisent l&#8217;emballage de produits et de colis.<\/p>\n<p style=\"text-decoration: underline;\">Dans quel but la ST-11 est-elle utilis\u00e9e?<\/p>\n<p>Elle est utilis\u00e9e pour emballer les bagages des clients de l&rsquo;h\u00f4tel.<\/p>\n<p style=\"text-decoration: underline;\">Propri\u00e9t\u00e9s M\u00e9caniques de la Machine d\u2019Emballage des Bagages par Film Etirable<\/p>\n<p>&#8211; Si d\u00e9sir\u00e9: (MEKAGER) 200% d&rsquo;Etirement M\u00e9canique sur le produit<br \/>\n&#8211; Syst\u00e8me de Cha\u00eene, Plaque Frontale Sp\u00e9ciale<br \/>\n&#8211; Poign\u00e9es Porte-Bagages en acier inoxydable chrom\u00e9<br \/>\n&#8211; Transport facile gr\u00e2ce aux Roues \u00e0 Frein<br \/>\n&#8211; Principe de Fonctionnement Silencieux<br \/>\n&#8211; Capteur de D\u00e9tection de la Taille du Bagage<br \/>\n&#8211; Syst\u00e8me de Levage Automatique pour l&rsquo;Emballage des Bagages<br \/>\n&#8211; Finition Sp\u00e9ciale Chrom\u00e9e du Bord de la Table Avant<br \/>\n&#8211; Enroulement facile des grands bagages gr\u00e2ce aux bras s&rsquo;ouvrant vers l&rsquo;ext\u00e9rieur<br \/>\n&#8211; M\u00e9canisme de Levage de 1200 mm<br \/>\n&#8211; Conception compacte, robuste et \u00e9l\u00e9gante<br \/>\n&#8211; Choix de Couleur de Option<\/p>\n<p style=\"text-decoration: underline;\">Machine \u00e0 Emballer les Bagages par Film Etirable Caract\u00e9ristiques de l&rsquo;Automatisation PLC<\/p>\n<p>&#8211; Panneau de commande en turc &#8211; anglais ou russe en option<br \/>\n&#8211; Mot de passe Administrateur (Admin) avec protection par Login<br \/>\n&#8211; Option Taille du Bagages : Petit, Moyen ou Grand<br \/>\n&#8211; Modification du nombre de tours<br \/>\n&#8211; S\u00e9curit\u00e9 par compte \u00e0 rebours entre les transitions d&#8217;emballage<br \/>\n&#8211; M\u00e9morisation du nombre d\u2019emballages<br \/>\n&#8211; M\u00e9morisation du nombre d\u2019emballages en cas de coupure de courant<br \/>\n&#8211; R\u00e9initialisation du nombre d\u2019emballages avec le mot de passe administrateur<br \/>\n&#8211; Contr\u00f4le du m\u00e9canisme de verrouillage de l&rsquo;\u00e9tirement en option<br \/>\n&#8211; Modification du nombre de tours<br \/>\n&#8211; Option d&#8217;emballage manuel et automatique<br \/>\n&#8211; Capteur de d\u00e9tection de la taille du bagage<br \/>\n&#8211; Nombre de tours en bas du bagage r\u00e9glable<br \/>\n&#8211; Nombre de tours en haut du bagage r\u00e9glable<br \/>\n&#8211; R\u00e9glage de l&rsquo;heure de mise en veille de l&rsquo;\u00e9tirement<br \/>\n&#8211; Arr\u00eat d&rsquo;urgence avec E-Stop<br \/>\n&#8211; Mis hors tension d&rsquo;urgence avec Pako<br \/>\n&#8211; Panneau de commande illustr\u00e9 et avec explications compr\u00e9hensibles<\/p>\n<p style=\"text-decoration: underline;\">Caract\u00e9ristiques Optionnelles de la Machine d&rsquo;Emballage de Bagages par Film Etirable ST-11<\/p>\n<p>&#8211; (Motoger) Jusqu&rsquo;\u00e0 300% de tension d&rsquo;\u00e9tirement avec le syst\u00e8me d&rsquo;\u00e9tirement motoris\u00e9.<br \/>\n&#8211; Publicit\u00e9 par \u00e9cran LCD 19\u2033<br \/>\n&#8211; Possibilit\u00e9 de se connecter \u00e0 partir d&rsquo;un t\u00e9l\u00e9phone portable ou d&rsquo;internet \u00e0 la machine en utilisant le syst\u00e8me de connexion.<br \/>\n&#8211; Indication du poids des bagages avec une balance fonctionnant \u00e0 pi\u00e8ces ou fixe.<br \/>\n&#8211; Syst\u00e8me de pes\u00e9e de la table<br \/>\n&#8211; Transfert instantan\u00e9 d&rsquo;images via cam\u00e9ra Wi-Fi<br \/>\n&#8211; M\u00e9canisme de verrouillage du film \u00e9tirable<br \/>\n&#8211; Armoire de stockage du film \u00e9tirable et de l\u2019argent<br \/>\n&#8211; Plc personnalis\u00e9 avec modifications du logiciel<br \/>\n&#8211; Finition par Sheet Coating ou peinture poudre au four<\/p>\n","protected":false},"excerpt":{"rendered":"<div class=\"grid-container\">\n<div>Hauteur:<\/div>\n<div>1150 mm<\/div>\n<div>Longueur:<\/div>\n<div>1550 mm<\/div>\n<div>Largeur:<\/div>\n<div>600 mm<\/div>\n<div>Hauteur avec palette:<\/div>\n<div>1200 mm<\/div>\n<div>Longueur avec palette:<\/div>\n<div>1650 mm<\/div>\n<div>Largeur avec palette:<\/div>\n<div>650 mm<\/div>\n<div>Hauteur de la caisse:<\/div>\n<div>1250 mm<\/div>\n<div>Longueur de la caisse:<\/div>\n<div>1700 mm<\/div>\n<div>Largeur de la caisse:<\/div>\n<div>700 mm<\/div>\n<\/div>\n<p>&nbsp;<\/p>\n<p><strong>Options de couleurs et de d\u00e9coration<\/strong><\/p>\n[gallery mode=\"metro\" first_big=\"false\" columns=\"6\" link=\"file\" ids=\"70,67,1016,1015,72,69\"]\n","protected":false},"featured_media":6780,"template":"","meta":[],"product_cat":[48],"product_tag":[],"_links":{"self":[{"href":"http:\/\/kurelsan.com.tr\/fr\/wp-json\/wp\/v2\/product\/7051"}],"collection":[{"href":"http:\/\/kurelsan.com.tr\/fr\/wp-json\/wp\/v2\/product"}],"about":[{"href":"http:\/\/kurelsan.com.tr\/fr\/wp-json\/wp\/v2\/types\/product"}],"wp:featuredmedia":[{"embeddable":true,"href":"http:\/\/kurelsan.com.tr\/fr\/wp-json\/wp\/v2\/media\/6780"}],"wp:attachment":[{"href":"http:\/\/kurelsan.com.tr\/fr\/wp-json\/wp\/v2\/media?parent=7051"}],"wp:term":[{"taxonomy":"product_cat","embeddable":true,"href":"http:\/\/kurelsan.com.tr\/fr\/wp-json\/wp\/v2\/product_cat?post=7051"},{"taxonomy":"product_tag","embeddable":true,"href":"http:\/\/kurelsan.com.tr\/fr\/wp-json\/wp\/v2\/product_tag?post=7051"}],"curies":[{"name":"wp","href":"https:\/\/api.w.org\/{rel}","templated":true}]}}