{"id":6861,"date":"2019-04-02T22:00:09","date_gmt":"2019-04-02T19:00:09","guid":{"rendered":"http:\/\/kurelsan.com.tr\/referanslar\/"},"modified":"2021-11-29T19:44:52","modified_gmt":"2021-11-29T16:44:52","slug":"references","status":"publish","type":"page","link":"https:\/\/kurelsan.com.tr\/en\/references\/","title":{"rendered":"References"},"content":{"rendered":"<p>[vc_row][vc_column width=&#8221;1\/2&#8243;][vc_column_text]<\/p>\n<h3>Hotels<\/h3>\n<p><strong>Akka Antedon Resort Hotel Beldibi<\/strong> &#8211; Suitcase Wrapping Machine<\/p>\n<p><strong>Akka Hotel Redidance<\/strong> &#8211; Suitcase Wrapping Machine<\/p>\n<p><strong>Alara Kum Hotel Konakl\u0131 Alanya<\/strong> &#8211; Suitcase Wrapping Machine<\/p>\n<p><strong>Alara Park Resort Hotel Konakl\u0131 Alanya<\/strong> &#8211; Suitcase Wrapping Machine<\/p>\n<p><strong>Amara Aqua Marin<\/strong> &#8211; Suitcase Wrapping Machine<\/p>\n<p><strong>Amara Dolce Vita \u00c7amyuva<\/strong> &#8211; Suitcase Wrapping Machine<\/p>\n<p><strong>Arancia Resort Konakl\u0131 Alanya<\/strong> &#8211; Suitcase Wrapping Machine<\/p>\n<p><strong>Armas Beach Kemer Hotel<\/strong> &#8211; Suitcase Wrapping Machine<\/p>\n<p><strong>Asdem Labada Beach<\/strong> &#8211; Suitcase Wrapping Machine<\/p>\n<p><strong>Asteria Elita Resort K\u0131z\u0131la\u011fa\u00e7 Manavgat<\/strong> &#8211; Suitcase Wrapping Machine<\/p>\n<p><strong>Avantgarde Vogue Hotels G\u00f6yn\u00fck<\/strong> &#8211; Suitcase Wrapping Machine<\/p>\n<p><strong>Ayd\u0131nbey Relax Otel<\/strong> &#8211; Suitcase Wrapping Machine<\/p>\n<p><strong>Batum Hotel<\/strong> &#8211; Suitcase Wrapping Machine<\/p>\n<p><strong>Belvista Hotel G\u00f6yn\u00fck<\/strong> &#8211; Suitcase Wrapping Machine<\/p>\n<p><strong>Calista Resort Belek<\/strong> &#8211; Suitcase Wrapping Machine<\/p>\n<p><strong>Ceres Hotel Belek<\/strong> &#8211; Suitcase Wrapping Machine<\/p>\n<p><strong>Club Insula Hotel Konakl\u0131 Alanya<\/strong> &#8211; Suitcase Wrapping Machine<\/p>\n<p><strong>Club Turta\u015f Hotel Konakl\u0131 Alanya<\/strong> &#8211; Suitcase Wrapping Machine<\/p>\n<p><strong>Comodore Elite Suit Spa\u00a0 Evrenseki Manavgat<\/strong> &#8211; Suitcase Wrapping Machine<\/p>\n<p><strong>Daima Hotel &amp; Spa<\/strong> &#8211; Suitcase Wrapping Machine<\/p>\n<p><strong>Daima Resort Hotel<\/strong> &#8211; Suitcase Wrapping Machine<\/p>\n<p><strong>Ege Montana Hotel<\/strong> &#8211; Suitcase Wrapping Machine<\/p>\n<p><strong>Ege Montana Hotel<\/strong> &#8211; Suitcase Wrapping Machine<\/p>\n<p><strong>Endam Hotel<\/strong> &#8211; Suitcase Wrapping Machine<\/p>\n<p><strong>Endam Resort G\u00f6yn\u00fck<\/strong> &#8211; Suitcase Wrapping Machine<\/p>\n<p><strong>Fame Park Kemer Hotel<\/strong> &#8211; Suitcase Wrapping Machine<\/p>\n<p><strong>Fame Park Otel<\/strong> &#8211; Suitcase Wrapping Machine<\/p>\n<p><strong>Fame Residance Hotel Kundu<\/strong> &#8211; Suitcase Wrapping Machine<\/p>\n<p><strong>Fame Residence G\u00f6yn\u00fck<\/strong> &#8211; Suitcase Wrapping Machine<\/p>\n<p><strong>Fame Residence Kemer Hotel<\/strong> &#8211; Suitcase Wrapping Machine<\/p>\n<p><strong>Grand Haber Kemer Hotel<\/strong> &#8211; Suitcase Wrapping Machine<\/p>\n<p><strong>Grand Pearl Beach Resort <\/strong>&#8211; Suitcase Wrapping Machine<\/p>\n<p><strong>Grand \u015eeker Hotel \u00c7olakl\u0131 Manavgat<\/strong> &#8211; Suitcase Wrapping Machine<\/p>\n<p><strong>Grand Yaz\u0131c\u0131 Mares Marmaris<\/strong> &#8211; Suitcase Wrapping Machine<\/p>\n<p><strong>G\u00fcl Hotel Kemer Hotel<\/strong> &#8211; Suitcase Wrapping Machine<\/p>\n<p><strong>G\u00fcne\u015f Hotel \u0130stanbul<\/strong>\u00a0 &#8211; Coin Operated Scales<\/p>\n<p><strong>Holiday Park Hotel<\/strong> &#8211; Suitcase Wrapping Machine<\/p>\n<p><strong>Imperial Deluxe Hotel Beldibi<\/strong> &#8211; Suitcase Wrapping Machine<\/p>\n<p><strong>Innova Beach Hotel Konakl\u0131 Alanya<\/strong> &#8211; Suitcase Wrapping Machine<\/p>\n<p><strong>Justiniano Hotel Okurcalar Alanya<\/strong> &#8211;\u00a0 Suitcase Wrapping Machine<\/p>\n<p><strong>Kamelya World Holiday \u00c7olakl\u0131 Manavgat<\/strong> &#8211; Suitcase Wrapping Machine<\/p>\n<p><strong>Kemer Magic Dream Hotel<\/strong> &#8211; Suitcase Wrapping Machine<\/p>\n<p><strong>Klikya Palace Hotel G\u00f6yn\u00fck<\/strong> &#8211; Suitcase Wrapping Machine<\/p>\n<p><strong>Klikya Palace Kundu<\/strong> &#8211; Suitcase Wrapping Machine<\/p>\n<p><strong>K\u00f6\u015fdere Hotel Biga \u00c7anakkale<\/strong> &#8211; Suitcase Wrapping Machine<\/p>\n<p><strong>Kremlin Palace Hotel Kundu<\/strong> &#8211; Suitcase Wrapping Machine<\/p>\n<p><strong>La Dims Bone Dea Hotel Kemer<\/strong> &#8211; Suitcase Wrapping Machine<\/p>\n<p><strong>Labada Luxury Hotel Resort \u00c7amyuva<\/strong> &#8211; Suitcase Wrapping Machine<\/p>\n<p><strong>Labranda Mares Hotel Marmaris<\/strong> &#8211;\u00a0 Suitcase Wrapping Machine<\/p>\n<p><strong>Larissa Hotel<\/strong> &#8211; Suitcase Wrapping Machine<\/p>\n<p><strong>Le Chateau De Prestij Hotel G\u00f6yn\u00fck<\/strong> &#8211; Suitcase Wrapping Machine<\/p>\n<p><strong>Liberty Hotels \u00d6l\u00fcdeniz<\/strong> &#8211; Suitcase Wrapping Machine<\/p>\n<p><strong>Like River Resort Hotel Valiz Sarma Servisi<\/strong> &#8211; Suitcase Wrapping Machine<\/p>\n<p><strong>Lon\u0131cera World Hotel T\u00fcrkler Alanya<\/strong> &#8211; Suitcase Wrapping Machine<\/p>\n<p><strong>Lucida Beach Hotel \u00c7amyuva<\/strong> &#8211; Suitcase Wrapping Machine<\/p>\n<p><strong>Majesty Club Hotel<\/strong> &#8211; Suitcase Wrapping Machine<\/p>\n<p><strong>Majesty Kemer Beach Hotel<\/strong> &#8211; Suitcase Wrapping Machine<\/p>\n<p><strong>Majesty Mirage Park Hotel<\/strong> &#8211; Suitcase Wrapping Machine<\/p>\n<p><strong>Maksim Resort Kemer Hotel<\/strong> &#8211; Suitcase Wrapping Machine<\/p>\n<p><strong>Marco Polo Hotel \u00c7amyuva<\/strong> &#8211; Suitcase Wrapping Machine<\/p>\n<p><strong>Marinem Hotel<\/strong> &#8211; Suitcase Wrapping Machine<\/p>\n<p><strong>Maritime Beach Hotel<\/strong> &#8211; Suitcase Wrapping Machine<\/p>\n<p><strong>Melissa Garden Hotel Belek<\/strong> &#8211; Suitcase Wrapping Machine<\/p>\n<p><strong>Nashira Hotel Titreyeng\u00f6l Manavgat<\/strong> &#8211; Suitcase Wrapping Machine<\/p>\n<p><strong>Nirvana Lagoon Luxury G\u00f6yn\u00fck <\/strong>&#8211; Suitcase Wrapping Machine<\/p>\n<p><strong>Otium Eco Club Side Titreyeng\u00f6l Manavgat<\/strong> &#8211; Suitcase Wrapping Machine<\/p>\n<p><strong>Pascha Bey Hotel Konakl\u0131 Alanya<\/strong> &#8211; Suitcase Wrapping Machine<\/p>\n<p><strong>Pemar Hotel \u00d6ren\u015fehir Managat<\/strong> &#8211; Suitcase Wrapping Machine<\/p>\n<p><strong>Quattro Beach Spa Resort Hotel Konakl\u0131 Alanya<\/strong> &#8211; Suitcase Wrapping Machine<\/p>\n<p><strong>Queens Park G\u00f6yn\u00fck Hotel<\/strong> &#8211; Suitcase Wrapping Machine<\/p>\n<p><strong>Quenn Elizabeth Hotel G\u00f6yn\u00fck<\/strong> &#8211; Suitcase Wrapping Machine<\/p>\n<p><strong>Relax Otel Konakl\u0131<\/strong> &#8211; Suitcase Wrapping Machine<\/p>\n<p><strong>Ring Beah Hotel Beldibi<\/strong> &#8211; Suitcase Wrapping Machine<\/p>\n<p><strong>Rixos Sungate Hotel<\/strong> &#8211; Suitcase Wrapping Machine<\/p>\n<p><strong>Rose Hotel Kemer<\/strong> &#8211; Suitcase Wrapping Machine<\/p>\n<p><strong>Rose Residence Beach Kemer<\/strong> &#8211; Suitcase Wrapping Machine<\/p>\n<p><strong>Saphir Hotel Konakl\u0131 Alanya<\/strong> &#8211; Suitcase Wrapping Machine<\/p>\n<p><strong>SeaGull Hotel Beldibi<\/strong> &#8211; Suitcase Wrapping Machine<\/p>\n<p><strong>Seher Hotels \u00c7olakl\u0131 Manavgat<\/strong> &#8211; Coin Operated Scales<\/p>\n<p><strong>Selge Beach Resort K\u0131z\u0131la\u011fa\u00e7 Manavgat<\/strong> &#8211; Suitcase Wrapping Machine<\/p>\n<p><strong>Summa Turizm Yat\u0131r\u0131m A.\u015e. Ankara<\/strong> &#8211; Suitcase Wrapping Machine<\/p>\n<p><strong>Sunland Resort Hotel<\/strong> &#8211; Suitcase Wrapping Machine<\/p>\n<p><strong>Titanic Hotel Belek Valiz Sarma Servisi<\/strong> &#8211; Suitcase Wrapping Machine<\/p>\n<p><strong>Titanic Hotel Kundu Lara<\/strong> &#8211; Suitcase Wrapping Machine<\/p>\n<p><strong>Topkapi Palace Hotel Kundu<\/strong> &#8211; Suitcase Wrapping Machine<\/p>\n<p><strong>Tth Ma Beach Beldibi Hotel<\/strong> &#8211; Suitcase Wrapping Machine<\/p>\n<p><strong>Turan Prince World K\u0131z\u0131a\u011fa\u00e7 Manavgat<\/strong> &#8211; Suitcase Wrapping Machine<\/p>\n<p><strong>Turan Princess<\/strong> &#8211; Suitcase Wrapping Machine<\/p>\n<p><strong>Venezia Palace Hotel Kundu<\/strong> &#8211; Suitcase Wrapping Machine<\/p>\n<p><strong>Xeno Relax Hotel<\/strong> &#8211; Suitcase Wrapping Machine<\/p>\n<p><strong>Yelken Hotel<\/strong> &#8211; Suitcase Wrapping Machine<\/p>\n<p><strong>Yelken Resort Hotel Beldibi<\/strong> &#8211; Suitcase Wrapping Machine<\/p>\n<p><strong>Zena Hotel ve Resort \u00c7amyuva<\/strong> &#8211; Suitcase Wrapping Machine[\/vc_column_text][\/vc_column][vc_column width=&#8221;1\/2&#8243;][vc_column_text]<\/p>\n<h3>Airports<\/h3>\n<p><strong>Adana Airport<\/strong> &#8211; Luggage Stretch Wrapping Machines<\/p>\n<p><strong>A\u011fr\u0131 Airport<\/strong> &#8211; Luggage Stretch Wrapping Machines<\/p>\n<p><strong>Batman Airport<\/strong> &#8211; Luggage Stretch Wrapping Machines<\/p>\n<p><strong>Batum Airport<\/strong> &#8211; Luggage Stretch Wrapping Machines<\/p>\n<p><strong>Bodrum Airport<\/strong> &#8211; Luggage Stretch Wrapping Machines<\/p>\n<p><strong>Diyarbak\u0131r Airport<\/strong> &#8211; Luggage Stretch Wrapping Machines<\/p>\n<p><strong>Denizli \u00c7ardak Airport<\/strong> &#8211; Luggage Stretch Wrapping Machines<\/p>\n<p><strong>Elaz\u0131\u011f Airport<\/strong> &#8211; Luggage Stretch Wrapping Machines<\/p>\n<p><strong>Gaziantep Airport<\/strong> &#8211; Luggage Stretch Wrapping Machines<\/p>\n<p><strong>Hatay Airport<\/strong> &#8211; Luggage Stretch Wrapping Machines<\/p>\n<p><strong>Kayseri Airport<\/strong> &#8211; Luggage Stretch Wrapping Machines<\/p>\n<p><strong>K\u0131br\u0131s Airport<\/strong> &#8211; Luggage Stretch Wrapping Machines<\/p>\n<p><strong>Konya Airport<\/strong> &#8211; Luggage Stretch Wrapping Machines<\/p>\n<p><strong>Malatya Airport<\/strong> &#8211; Luggage Stretch Wrapping Machines<\/p>\n<p><strong>Ordu Giresun Airport<\/strong> &#8211; Luggage Stretch Wrapping Machines<\/p>\n<p><strong>Sivas Airport<\/strong> &#8211; Luggage Stretch Wrapping Machines<\/p>\n<p><strong>Trabzon Airport<\/strong> &#8211; Luggage Stretch Wrapping Machines<\/p>\n<p><strong>Van Airport<\/strong> &#8211; Luggage Stretch Wrapping Machines<\/p>\n<h3>Companies<\/h3>\n<p><strong>Girsan Makina Giresun<\/strong> &#8211; Package Stretch Wrapping Machines<\/p>\n<h3>International Customers<\/h3>\n<p><strong>A\u015fkabat Airport T\u00fcrkmenistan<\/strong> &#8211; Luggage Stretch Wrapping Machines<\/p>\n<p><strong>Astana Airport Kazakistan<\/strong> &#8211; Luggage Stretch Wrapping Machines<\/p>\n<p><strong>Baby Food Kazakhstan Kazakistan<\/strong> &#8211; Pallet Stretch Wrapping Machine<\/p>\n<p><strong>Campa Ltd Georgia\u00a0 G\u00fcrcistan<\/strong> &#8211; Pallet Stretch Wrapping Machine<\/p>\n<p><strong>Gulf Talent Fresh Juice Company UAE<\/strong> &#8211; Pallet Stretch Wrapping Machine<\/p>\n<p><strong>Manta Juice Manufacturers Companies\u00a0 Kazakistan<\/strong> &#8211; Pallet Stretch Wrapping Machine<\/p>\n<p><strong>Mogadishu Airport Somali<\/strong> &#8211; Luggage Stretch Wrapping Machines<\/p>\n<p><strong>Qi Juices Lebanon L\u00fcbnan<\/strong> &#8211; Pallet Stretch Wrapping Machine<\/p>\n<p><strong>Tiflis Airport G\u00fcrcistan<\/strong> &#8211; Luggage Stretch Wrapping Machines<\/p>\n<p><strong>Zero \u0130stanbul UAE<\/strong> &#8211; Pallet Stretch Wrapping Machine[\/vc_column_text][\/vc_column][\/vc_row][vc_row][vc_column][vc_column_text]<\/p>\n<p>[\/vc_column_text][\/vc_column][\/vc_row]<\/p>\n","protected":false},"excerpt":{"rendered":"<p>[vc_row][vc_column width=&#8221;1\/2&#8243;][vc_column_text] Hotels Akka Antedon Resort Hotel Beldibi &#8211; Suitcase Wrapping Machine Akka Hotel Redidance &#8211; Suitcase Wrapping Machine Alara Kum Hotel Konakl\u0131 Alanya &#8211; Suitcase Wrapping Machine Alara Park Resort Hotel Konakl\u0131 Alanya &#8211; Suitcase Wrapping Machine Amara Aqua Marin &#8211; Suitcase Wrapping Machine Amara Dolce Vita \u00c7amyuva &#8211; Suitcase Wrapping Machine Arancia Resort&hellip;<\/p>\n","protected":false},"author":1,"featured_media":0,"parent":0,"menu_order":0,"comment_status":"closed","ping_status":"closed","template":"","meta":[],"_links":{"self":[{"href":"https:\/\/kurelsan.com.tr\/en\/wp-json\/wp\/v2\/pages\/6861"}],"collection":[{"href":"https:\/\/kurelsan.com.tr\/en\/wp-json\/wp\/v2\/pages"}],"about":[{"href":"https:\/\/kurelsan.com.tr\/en\/wp-json\/wp\/v2\/types\/page"}],"author":[{"embeddable":true,"href":"https:\/\/kurelsan.com.tr\/en\/wp-json\/wp\/v2\/users\/1"}],"replies":[{"embeddable":true,"href":"https:\/\/kurelsan.com.tr\/en\/wp-json\/wp\/v2\/comments?post=6861"}],"version-history":[{"count":0,"href":"https:\/\/kurelsan.com.tr\/en\/wp-json\/wp\/v2\/pages\/6861\/revisions"}],"wp:attachment":[{"href":"https:\/\/kurelsan.com.tr\/en\/wp-json\/wp\/v2\/media?parent=6861"}],"curies":[{"name":"wp","href":"https:\/\/api.w.org\/{rel}","templated":true}]}}